{"id":9611,"date":"2025-06-21T20:40:45","date_gmt":"2025-06-21T17:40:45","guid":{"rendered":"https:\/\/tehisintellekt.ee\/broneerimine\/"},"modified":"2026-02-02T23:18:35","modified_gmt":"2026-02-02T20:18:35","slug":"book-a-call","status":"publish","type":"page","link":"https:\/\/tehisintellekt.ee\/en\/book-a-call\/","title":{"rendered":"Book a call"},"content":{"rendered":"\t\t<div data-elementor-type=\"wp-page\" data-elementor-id=\"9611\" class=\"elementor elementor-9611 elementor-3232\" data-elementor-post-type=\"page\">\n\t\t\t\t\t\t<section class=\"elementor-section elementor-top-section elementor-element elementor-element-b57ca9c elementor-section-full_width elementor-section-stretched hero elementor-section-height-default elementor-section-height-default\" data-id=\"b57ca9c\" data-element_type=\"section\" data-settings=\"{&quot;stretch_section&quot;:&quot;section-stretched&quot;,&quot;background_background&quot;:&quot;classic&quot;}\">\n\t\t\t\t\t\t\t<div class=\"elementor-background-overlay\"><\/div>\n\t\t\t\t\t\t\t<div class=\"elementor-container elementor-column-gap-default\">\n\t\t\t\t\t<div class=\"elementor-column elementor-col-100 elementor-top-column elementor-element elementor-element-e4cd242\" data-id=\"e4cd242\" data-element_type=\"column\">\n\t\t\t<div class=\"elementor-widget-wrap elementor-element-populated\">\n\t\t\t\t\t\t<section class=\"elementor-section elementor-inner-section elementor-element elementor-element-6112fc6 elementor-section-boxed elementor-section-height-default elementor-section-height-default\" data-id=\"6112fc6\" data-element_type=\"section\">\n\t\t\t\t\t\t<div class=\"elementor-container elementor-column-gap-default\">\n\t\t\t\t\t<div class=\"elementor-column elementor-col-100 elementor-inner-column elementor-element elementor-element-6cdf697\" data-id=\"6cdf697\" data-element_type=\"column\">\n\t\t\t<div class=\"elementor-widget-wrap elementor-element-populated\">\n\t\t\t\t\t\t<div class=\"elementor-element elementor-element-03ebadb elementor-widget elementor-widget-html\" data-id=\"03ebadb\" data-element_type=\"widget\" data-widget_type=\"html.default\">\n\t\t\t\t<div class=\"elementor-widget-container\">\n\t\t\t\t\t<!-- Calendly inline widget begin -->\n<div class=\"calendly-inline-widget\" data-url=\"https:\/\/calendly.com\/eneli-eljand-tehisintellekt?text_color=1b1c20&amp;primary_color=1b1c20\" style=\"min-width:320px;height:900px;\"><\/div>\n<script type=\"text\/javascript\" src=\"https:\/\/assets.calendly.com\/assets\/external\/widget.js\" async=\"\"><\/script>\n<!-- Calendly inline widget end -->\t\t\t\t<\/div>\n\t\t\t\t<\/div>\n\t\t\t\t\t<\/div>\n\t\t<\/div>\n\t\t\t\t\t<\/div>\n\t\t<\/section>\n\t\t\t\t\t<\/div>\n\t\t<\/div>\n\t\t\t\t\t<\/div>\n\t\t<\/section>\n\t\t\t\t<\/div>\n\t\t","protected":false},"excerpt":{"rendered":"","protected":false},"author":3,"featured_media":0,"parent":0,"menu_order":0,"comment_status":"closed","ping_status":"closed","template":"","meta":{"inline_featured_image":false,"footnotes":""},"class_list":["post-9611","page","type-page","status-publish","hentry"],"yoast_head":"<!-- This site is optimized with the Yoast SEO plugin v26.8 - https:\/\/yoast.com\/product\/yoast-seo-wordpress\/ -->\n<title>Broneerimine | Tehisintellekt.ee<\/title>\n<meta name=\"description\" content=\"Palun vali endale sobiv aeg kalendrist.\" \/>\n<meta name=\"robots\" content=\"noindex, nofollow\" \/>\n<meta property=\"og:locale\" content=\"en_US\" \/>\n<meta property=\"og:type\" content=\"article\" \/>\n<meta property=\"og:title\" content=\"Broneerimine | Tehisintellekt.ee\" \/>\n<meta property=\"og:description\" content=\"Palun vali endale sobiv aeg kalendrist.\" \/>\n<meta property=\"og:url\" content=\"https:\/\/tehisintellekt.ee\/en\/book-a-call\/\" \/>\n<meta property=\"og:site_name\" content=\"Tehisintellekt\" \/>\n<meta property=\"article:modified_time\" content=\"2026-02-02T20:18:35+00:00\" \/>\n<meta name=\"twitter:card\" content=\"summary_large_image\" \/>\n<script type=\"application\/ld+json\" class=\"yoast-schema-graph\">{\"@context\":\"https:\/\/schema.org\",\"@graph\":[{\"@type\":[\"WebPage\",\"CheckoutPage\"],\"@id\":\"https:\/\/tehisintellekt.ee\/en\/book-a-call\/\",\"url\":\"https:\/\/tehisintellekt.ee\/en\/book-a-call\/\",\"name\":\"Broneerimine | Tehisintellekt.ee\",\"isPartOf\":{\"@id\":\"https:\/\/tehisintellekt.ee\/#website\"},\"datePublished\":\"2025-06-21T17:40:45+00:00\",\"dateModified\":\"2026-02-02T20:18:35+00:00\",\"description\":\"Palun vali endale sobiv aeg kalendrist.\",\"breadcrumb\":{\"@id\":\"https:\/\/tehisintellekt.ee\/en\/book-a-call\/#breadcrumb\"},\"inLanguage\":\"en-US\",\"potentialAction\":[{\"@type\":\"ReadAction\",\"target\":[\"https:\/\/tehisintellekt.ee\/en\/book-a-call\/\"]}]},{\"@type\":\"BreadcrumbList\",\"@id\":\"https:\/\/tehisintellekt.ee\/en\/book-a-call\/#breadcrumb\",\"itemListElement\":[{\"@type\":\"ListItem\",\"position\":1,\"name\":\"Home\",\"item\":\"https:\/\/tehisintellekt.ee\/en\/avaleht-2-2\/\"},{\"@type\":\"ListItem\",\"position\":2,\"name\":\"Book a call\"}]},{\"@type\":\"WebSite\",\"@id\":\"https:\/\/tehisintellekt.ee\/#website\",\"url\":\"https:\/\/tehisintellekt.ee\/\",\"name\":\"Tehisintellekt\",\"description\":\"Aitame rakendada tehisintellekti igap\u00e4evat\u00f6\u00f6s.\u00a0Koostame Sinu ettev\u00f5tte vajadustest l\u00e4htuva praktilise koolitusprogrammi ja muudame t\u00f6\u00f6tamise viisi.\",\"publisher\":{\"@id\":\"https:\/\/tehisintellekt.ee\/#organization\"},\"potentialAction\":[{\"@type\":\"SearchAction\",\"target\":{\"@type\":\"EntryPoint\",\"urlTemplate\":\"https:\/\/tehisintellekt.ee\/?s={search_term_string}\"},\"query-input\":{\"@type\":\"PropertyValueSpecification\",\"valueRequired\":true,\"valueName\":\"search_term_string\"}}],\"inLanguage\":\"en-US\"},{\"@type\":\"Organization\",\"@id\":\"https:\/\/tehisintellekt.ee\/#organization\",\"name\":\"Tehisintellekt\",\"url\":\"https:\/\/tehisintellekt.ee\/\",\"logo\":{\"@type\":\"ImageObject\",\"inLanguage\":\"en-US\",\"@id\":\"https:\/\/tehisintellekt.ee\/#\/schema\/logo\/image\/\",\"url\":\"https:\/\/tehisintellekt.ee\/wp-content\/uploads\/2025\/06\/Tehisintellekt_logo_kompaktne.svg\",\"contentUrl\":\"https:\/\/tehisintellekt.ee\/wp-content\/uploads\/2025\/06\/Tehisintellekt_logo_kompaktne.svg\",\"width\":405,\"height\":301,\"caption\":\"Tehisintellekt\"},\"image\":{\"@id\":\"https:\/\/tehisintellekt.ee\/#\/schema\/logo\/image\/\"}}]}<\/script>\n<!-- \/ Yoast SEO plugin. -->","yoast_head_json":{"title":"Broneerimine | Tehisintellekt.ee","description":"Palun vali endale sobiv aeg kalendrist.","robots":{"index":"noindex","follow":"nofollow"},"og_locale":"en_US","og_type":"article","og_title":"Broneerimine | Tehisintellekt.ee","og_description":"Palun vali endale sobiv aeg kalendrist.","og_url":"https:\/\/tehisintellekt.ee\/en\/book-a-call\/","og_site_name":"Tehisintellekt","article_modified_time":"2026-02-02T20:18:35+00:00","twitter_card":"summary_large_image","schema":{"@context":"https:\/\/schema.org","@graph":[{"@type":["WebPage","CheckoutPage"],"@id":"https:\/\/tehisintellekt.ee\/en\/book-a-call\/","url":"https:\/\/tehisintellekt.ee\/en\/book-a-call\/","name":"Broneerimine | Tehisintellekt.ee","isPartOf":{"@id":"https:\/\/tehisintellekt.ee\/#website"},"datePublished":"2025-06-21T17:40:45+00:00","dateModified":"2026-02-02T20:18:35+00:00","description":"Palun vali endale sobiv aeg kalendrist.","breadcrumb":{"@id":"https:\/\/tehisintellekt.ee\/en\/book-a-call\/#breadcrumb"},"inLanguage":"en-US","potentialAction":[{"@type":"ReadAction","target":["https:\/\/tehisintellekt.ee\/en\/book-a-call\/"]}]},{"@type":"BreadcrumbList","@id":"https:\/\/tehisintellekt.ee\/en\/book-a-call\/#breadcrumb","itemListElement":[{"@type":"ListItem","position":1,"name":"Home","item":"https:\/\/tehisintellekt.ee\/en\/avaleht-2-2\/"},{"@type":"ListItem","position":2,"name":"Book a call"}]},{"@type":"WebSite","@id":"https:\/\/tehisintellekt.ee\/#website","url":"https:\/\/tehisintellekt.ee\/","name":"Tehisintellekt","description":"Aitame rakendada tehisintellekti igap\u00e4evat\u00f6\u00f6s.\u00a0Koostame Sinu ettev\u00f5tte vajadustest l\u00e4htuva praktilise koolitusprogrammi ja muudame t\u00f6\u00f6tamise viisi.","publisher":{"@id":"https:\/\/tehisintellekt.ee\/#organization"},"potentialAction":[{"@type":"SearchAction","target":{"@type":"EntryPoint","urlTemplate":"https:\/\/tehisintellekt.ee\/?s={search_term_string}"},"query-input":{"@type":"PropertyValueSpecification","valueRequired":true,"valueName":"search_term_string"}}],"inLanguage":"en-US"},{"@type":"Organization","@id":"https:\/\/tehisintellekt.ee\/#organization","name":"Tehisintellekt","url":"https:\/\/tehisintellekt.ee\/","logo":{"@type":"ImageObject","inLanguage":"en-US","@id":"https:\/\/tehisintellekt.ee\/#\/schema\/logo\/image\/","url":"https:\/\/tehisintellekt.ee\/wp-content\/uploads\/2025\/06\/Tehisintellekt_logo_kompaktne.svg","contentUrl":"https:\/\/tehisintellekt.ee\/wp-content\/uploads\/2025\/06\/Tehisintellekt_logo_kompaktne.svg","width":405,"height":301,"caption":"Tehisintellekt"},"image":{"@id":"https:\/\/tehisintellekt.ee\/#\/schema\/logo\/image\/"}}]}},"jetpack_sharing_enabled":true,"_links":{"self":[{"href":"https:\/\/tehisintellekt.ee\/en\/wp-json\/wp\/v2\/pages\/9611","targetHints":{"allow":["GET"]}}],"collection":[{"href":"https:\/\/tehisintellekt.ee\/en\/wp-json\/wp\/v2\/pages"}],"about":[{"href":"https:\/\/tehisintellekt.ee\/en\/wp-json\/wp\/v2\/types\/page"}],"author":[{"embeddable":true,"href":"https:\/\/tehisintellekt.ee\/en\/wp-json\/wp\/v2\/users\/3"}],"replies":[{"embeddable":true,"href":"https:\/\/tehisintellekt.ee\/en\/wp-json\/wp\/v2\/comments?post=9611"}],"version-history":[{"count":2,"href":"https:\/\/tehisintellekt.ee\/en\/wp-json\/wp\/v2\/pages\/9611\/revisions"}],"predecessor-version":[{"id":9750,"href":"https:\/\/tehisintellekt.ee\/en\/wp-json\/wp\/v2\/pages\/9611\/revisions\/9750"}],"wp:attachment":[{"href":"https:\/\/tehisintellekt.ee\/en\/wp-json\/wp\/v2\/media?parent=9611"}],"curies":[{"name":"wp","href":"https:\/\/api.w.org\/{rel}","templated":true}]}}